{"id":6953,"date":"2014-09-27T13:51:31","date_gmt":"2014-09-27T11:51:31","guid":{"rendered":"http:\/\/www.doctortim.de\/?page_id=6953"},"modified":"2014-09-27T13:51:31","modified_gmt":"2014-09-27T11:51:31","slug":"summermeeting-2014","status":"publish","type":"page","link":"https:\/\/www.doctortim.de\/?page_id=6953","title":{"rendered":"Summermeeting 2014"},"content":{"rendered":"<p>Wie immer so hat es auch dieses mal wieder etwas l\u00e4nger gedauert \u2013 aber was lange w\u00e4hrt wird bekannterma\u00dfen ja auch endlich Gut! Die <strong>DVD BORDERHUNTER SUMMERMEETING 2014<\/strong> ist komplett \u2013 und sogar noch um <strong>75 Bilder erweitert<\/strong> worden. Die DVD ist voll mit Erinnerungen an dieses gro\u00dfartige Treffen weltweit vernetzter Radio Piraten und deren \u201cFans\u201d. <strong>334 Fotos &amp; 21 Videos<\/strong> \u2013 und ich hoffe nat\u00fcrlich dass euch diese R\u00fcckblende gef\u00e4llt. Bei Interesse meldet euch bitte \u00fcber <strong>doctortim@t-online.de<\/strong>.<\/p>\n<p>The<strong> DVD from the Bordherunter Summermeeting 2014<\/strong> is now available. It is full with memories of this big and great meeting for Radio Pirates and their fans. On the DVD there are <strong>334 photos and 21 videos<\/strong>. I hope you will like it. If you are interested in the DVD please contact <strong>doctortim@t-online.de<\/strong><\/p>\n<p><a href=\"http:\/\/www.doctortim.de\/wp-content\/uploads\/2014\/09\/Summermeeting-CD-2014.jpg\"><img decoding=\"async\" loading=\"lazy\" class=\"aligncenter size-medium wp-image-6945\" alt=\"Summermeeting CD 2014\" src=\"http:\/\/www.doctortim.de\/wp-content\/uploads\/2014\/09\/Summermeeting-CD-2014-500x670.jpg\" width=\"400\" height=\"536\" srcset=\"https:\/\/www.doctortim.de\/wp-content\/uploads\/2014\/09\/Summermeeting-CD-2014-500x670.jpg 500w, https:\/\/www.doctortim.de\/wp-content\/uploads\/2014\/09\/Summermeeting-CD-2014-763x1024.jpg 763w, https:\/\/www.doctortim.de\/wp-content\/uploads\/2014\/09\/Summermeeting-CD-2014.jpg 1056w\" sizes=\"(max-width: 400px) 100vw, 400px\" \/><\/a><\/p>\n","protected":false},"excerpt":{"rendered":"<p>Wie immer so hat es auch dieses mal wieder etwas l\u00e4nger gedauert \u2013 aber was lange w\u00e4hrt wird bekannterma\u00dfen ja auch endlich Gut! Die DVD BORDERHUNTER SUMMERMEETING 2014 ist komplett \u2013 und sogar noch um 75 Bilder erweitert worden. Die DVD ist voll mit Erinnerungen an dieses gro\u00dfartige Treffen weltweit vernetzter Radio Piraten und deren [&hellip;]<\/p>\n","protected":false},"author":1,"featured_media":0,"parent":0,"menu_order":0,"comment_status":"open","ping_status":"open","template":"","meta":[],"_links":{"self":[{"href":"https:\/\/www.doctortim.de\/index.php?rest_route=\/wp\/v2\/pages\/6953"}],"collection":[{"href":"https:\/\/www.doctortim.de\/index.php?rest_route=\/wp\/v2\/pages"}],"about":[{"href":"https:\/\/www.doctortim.de\/index.php?rest_route=\/wp\/v2\/types\/page"}],"author":[{"embeddable":true,"href":"https:\/\/www.doctortim.de\/index.php?rest_route=\/wp\/v2\/users\/1"}],"replies":[{"embeddable":true,"href":"https:\/\/www.doctortim.de\/index.php?rest_route=%2Fwp%2Fv2%2Fcomments&post=6953"}],"version-history":[{"count":1,"href":"https:\/\/www.doctortim.de\/index.php?rest_route=\/wp\/v2\/pages\/6953\/revisions"}],"predecessor-version":[{"id":6954,"href":"https:\/\/www.doctortim.de\/index.php?rest_route=\/wp\/v2\/pages\/6953\/revisions\/6954"}],"wp:attachment":[{"href":"https:\/\/www.doctortim.de\/index.php?rest_route=%2Fwp%2Fv2%2Fmedia&parent=6953"}],"curies":[{"name":"wp","href":"https:\/\/api.w.org\/{rel}","templated":true}]}}