{"id":2968,"date":"2011-09-22T19:11:30","date_gmt":"2011-09-22T18:11:30","guid":{"rendered":"http:\/\/doctortim.de\/?page_id=2968"},"modified":"2014-03-02T20:05:09","modified_gmt":"2014-03-02T19:05:09","slug":"dr-buis-technic","status":"publish","type":"page","link":"https:\/\/www.doctortim.de\/?page_id=2968","title":{"rendered":"Dr Buis Technic"},"content":{"rendered":"<p>Mit dieser <strong>&#8222;Made by Dr.Buis&#8220; MW-Antenne<\/strong> hat sich der holl\u00e4ndische Antennen und Technikspezialist wieder einmal selbst \u00fcbertroffen! Die &#8222;Dinger&#8220; gehen weg wie warme Semmeln &#8211; und das obwohl noch nicht einmal die Werbetrommel ger\u00fchrt wurde. Die Nachfrage ist zwischenzeitlich so gro\u00df dass es schon die ersten Wartezeiten gibt! Das neue Wunderwerk wurde ausgiebig getestet und \u00fcbertrifft sogar die von <strong>Dr.Buis<\/strong> selbst gestellten Erwartungen bei weitem<\/p>\n<p><a href=\"http:\/\/www.doctortim.de\/wp-content\/uploads\/2014\/03\/BUISANTENNE-VOOR-MG-ONTVANGST.pdf\">BUISANTENNE VOOR MG ONTVANGST<\/a><\/p>\n<p>&nbsp;<\/p>\n<p>Hallo Doctor,<\/p>\n<p>Hier ist er nun &#8211; der neue Technikbeitrg von Dr.Buis &#8211; heute zum Horror Thema &#8222;St\u00f6rungen auf Kurzwelle durch PLC&#8220;. Dr.Buis hat die L\u00f6sung gefunden und<br \/> sagt euch heute wie so etwas geht undwie die ersten Tests verlaufen sind. Das ganze ist schon in der Praxis getestet worden (bei dem Nachbar von Dr.Buis) &#8211; und der Erfolg ist Grandios!<\/p>\n<p><a href=\"http:\/\/doctortim.de\/wp-content\/uploads\/2011\/09\/St\u00f6rungen-auf-Kurzwelle-beseitigen.docx\">St\u00f6rungen auf Kurzwelle beseitigen.docx<\/a><\/p>\n<p>Endlich mal wieder was von Dr.Buis. Heute speziell f\u00fcr all diejenigen die sich mit desolaten Signalen in den B\u00e4ndern herumqu\u00e4len! Einfach mal nachbauen und die Signale reisen das Coax ausseinander!<\/p>\n<p><a href=\"http:\/\/doctortim.de\/wp-content\/uploads\/2011\/09\/Antenne-von-Dr.Buis_.doc\">Antenne von Dr.Buis.doc<\/a><\/p>\n<p>Hier mal wieder etwas f\u00fcr deine Homepage, den Empf\u00e4nger und Antenne bringe ich mit bei unserem Besuch mit.<br \/> Sch\u00f6ne Grusse aus Holland von &#8230;&#8230;. und Hans<\/p>\n<p><a href=\"http:\/\/doctortim.de\/wp-content\/uploads\/2011\/09\/A-Mediumwave-reception-where-ever-you-are..docx\">A Mediumwave reception where ever you are.docx<\/a><\/p>\n<p><a href=\"http:\/\/doctortim.de\/wp-content\/uploads\/2011\/09\/A-Middengolf-ontvangst-waar-je-ook-bent.docx\">A Middengolf ontvangst waar je ook bent.docx<\/a><\/p>\n<p><a href=\"http:\/\/doctortim.de\/wp-content\/uploads\/2011\/09\/A-Mittelwellenempfang-wo-immer-mann-ist..docx\">A Mittelwellenempfang wo immer mann ist.docx<\/a><\/p>\n<p>Hallo Doc,<\/p>\n<p>Anbei das Diagram fuer den MW Antenne Verst\u00e4rker, und ein Photo, mit C2 und C3 k\u00f6nnen notfalls weitere St\u00f6rungen eliminiert werden, die eventuelle kurze Drahtantenne ist knappe Meter lang.<\/p>\n<p>Attached the diagram of the MW antenna amplifier and a picture, C2 and C3 are used for eliminating any manmade noise if necessary, the short wire antenna is merely 3 feet long.<\/p>\n<p>Bijgevoegd het schema van de MG antenne versterker en een foto, met C2 en C3 kunnen desgewenst verdere storingen worden onderdrukt, de korte draadantenne is slechts een kleine meter lang.<\/p>\n<p>Grusse von \/greetings from \/groeten van<br \/> dr Buis<\/p>\n<p><a href=\"http:\/\/doctortim.de\/wp-content\/uploads\/2011\/09\/dr-Buis-Antenne-versterker.jpg\"><img decoding=\"async\" loading=\"lazy\" class=\"alignnone size-medium wp-image-3064\" title=\"dr Buis Antenne versterker\" alt=\"\" src=\"http:\/\/doctortim.de\/wp-content\/uploads\/2011\/09\/dr-Buis-Antenne-versterker-300x178.jpg\" width=\"300\" height=\"178\" srcset=\"https:\/\/www.doctortim.de\/wp-content\/uploads\/2011\/09\/dr-Buis-Antenne-versterker-300x178.jpg 300w, https:\/\/www.doctortim.de\/wp-content\/uploads\/2011\/09\/dr-Buis-Antenne-versterker-1024x609.jpg 1024w\" sizes=\"(max-width: 300px) 100vw, 300px\" \/><\/a><\/p>\n<p><a href=\"http:\/\/doctortim.de\/wp-content\/uploads\/2011\/09\/dr-Buis-Antenneversterker2.jpg\"><img decoding=\"async\" loading=\"lazy\" class=\"alignnone size-medium wp-image-3065\" title=\"dr Buis Antenneversterker2\" alt=\"\" src=\"http:\/\/doctortim.de\/wp-content\/uploads\/2011\/09\/dr-Buis-Antenneversterker2-300x151.jpg\" width=\"300\" height=\"151\" srcset=\"https:\/\/www.doctortim.de\/wp-content\/uploads\/2011\/09\/dr-Buis-Antenneversterker2-300x151.jpg 300w, https:\/\/www.doctortim.de\/wp-content\/uploads\/2011\/09\/dr-Buis-Antenneversterker2-1024x516.jpg 1024w\" sizes=\"(max-width: 300px) 100vw, 300px\" \/><\/a><\/p>\n<p>Neue E-Mail von Dr.Buis: Hi Doc, das kannst du als Service an den Piraten mal auf deinem Homepage setzen; F\u00fcr jedem der einen BC191 besitzt anbei ein v\u00f6llig digital \u00fcberarbeitetes Schema dieses ber\u00fchmten Senders.<\/p>\n<p>Voor iedereen die in het bezit is van de beroemde BC 191 (VT kast) hierbij het digitaal bewerkte schema.<\/p>\n<p>For everybody that is in posession of the famous BC 191 we give you a digitally remastered diagram.<\/p>\n<p>Gr\u00fcsse\/groeten\/greetings<br \/> dr Buis<\/p>\n<p><a href=\"http:\/\/doctortim.de\/wp-content\/uploads\/2011\/09\/BC191-versie-2-JPG.jpg\"><img decoding=\"async\" loading=\"lazy\" class=\"alignnone size-medium wp-image-2998\" title=\"BC191 versie 2 JPG\" alt=\"\" src=\"http:\/\/doctortim.de\/wp-content\/uploads\/2011\/09\/BC191-versie-2-JPG-300x187.jpg\" width=\"300\" height=\"187\" srcset=\"https:\/\/www.doctortim.de\/wp-content\/uploads\/2011\/09\/BC191-versie-2-JPG-300x187.jpg 300w, https:\/\/www.doctortim.de\/wp-content\/uploads\/2011\/09\/BC191-versie-2-JPG-1024x640.jpg 1024w\" sizes=\"(max-width: 300px) 100vw, 300px\" \/><\/a><\/p>\n<p><a href=\"http:\/\/doctortim.de\/wp-content\/uploads\/2011\/09\/EEN-BETERE-ONTVANGST.pdf\">EEN BETERE ONTVANGST.pdf<\/a><\/p>\n<p><a href=\"http:\/\/doctortim.de\/wp-content\/uploads\/2011\/09\/IMPROVING-RECEPTION.pdf\">IMPROVING RECEPTION.pdf<\/a><\/p>\n<p><a href=\"http:\/\/doctortim.de\/wp-content\/uploads\/2011\/09\/EIN-BESSEREN-EMPFANG.pdf\">EIN BESSEREN EMPFANG.pdf<\/a><\/p>\n","protected":false},"excerpt":{"rendered":"<p>Mit dieser &#8222;Made by Dr.Buis&#8220; MW-Antenne hat sich der holl\u00e4ndische Antennen und Technikspezialist wieder einmal selbst \u00fcbertroffen! Die &#8222;Dinger&#8220; gehen weg wie warme Semmeln &#8211; und das obwohl noch nicht einmal die Werbetrommel ger\u00fchrt wurde. Die Nachfrage ist zwischenzeitlich so gro\u00df dass es schon die ersten Wartezeiten gibt! Das neue Wunderwerk wurde ausgiebig getestet und [&hellip;]<\/p>\n","protected":false},"author":1,"featured_media":0,"parent":0,"menu_order":0,"comment_status":"open","ping_status":"open","template":"","meta":[],"_links":{"self":[{"href":"https:\/\/www.doctortim.de\/index.php?rest_route=\/wp\/v2\/pages\/2968"}],"collection":[{"href":"https:\/\/www.doctortim.de\/index.php?rest_route=\/wp\/v2\/pages"}],"about":[{"href":"https:\/\/www.doctortim.de\/index.php?rest_route=\/wp\/v2\/types\/page"}],"author":[{"embeddable":true,"href":"https:\/\/www.doctortim.de\/index.php?rest_route=\/wp\/v2\/users\/1"}],"replies":[{"embeddable":true,"href":"https:\/\/www.doctortim.de\/index.php?rest_route=%2Fwp%2Fv2%2Fcomments&post=2968"}],"version-history":[{"count":2,"href":"https:\/\/www.doctortim.de\/index.php?rest_route=\/wp\/v2\/pages\/2968\/revisions"}],"predecessor-version":[{"id":2999,"href":"https:\/\/www.doctortim.de\/index.php?rest_route=\/wp\/v2\/pages\/2968\/revisions\/2999"}],"wp:attachment":[{"href":"https:\/\/www.doctortim.de\/index.php?rest_route=%2Fwp%2Fv2%2Fmedia&parent=2968"}],"curies":[{"name":"wp","href":"https:\/\/api.w.org\/{rel}","templated":true}]}}