{"id":231,"date":"2008-01-21T21:37:45","date_gmt":"2008-01-21T20:37:45","guid":{"rendered":"http:\/\/doctortim.de\/?page_id=231"},"modified":"2008-01-21T21:39:52","modified_gmt":"2008-01-21T20:39:52","slug":"stefan-dietl","status":"publish","type":"page","link":"https:\/\/www.doctortim.de\/?page_id=231","title":{"rendered":"Stefan Dietl"},"content":{"rendered":"<p><a href='http:\/\/doctortim.de\/wp-content\/uploads\/2008\/01\/dietlcd1.jpg' title='dietlcd1.jpg'><img src='http:\/\/doctortim.de\/wp-content\/uploads\/2008\/01\/dietlcd1.jpg' alt='dietlcd1.jpg' \/><\/a><\/p>\n<p><a href='http:\/\/doctortim.de\/wp-content\/uploads\/2008\/01\/dietlcd2.jpg' title='dietlcd2.jpg'><img src='http:\/\/doctortim.de\/wp-content\/uploads\/2008\/01\/dietlcd2.jpg' alt='dietlcd2.jpg' \/><\/a><\/p>\n<p>So sieht sie aus \u2013 die STEFAN DIETL Erinnerungs-CD. Auf ihr befinden sich neben dem Kondolenz Programmen von Dr.Tim auch die zahlreicher anderer Stationen (Borderhunter, Orion, Zodiac\u2026. Ebenso zahlreiche Bilder von Stefans Visite auf fast allen DX-Camps, die vielen E-Mails zu seinem Tod und auch die noch weitaus gr\u00f6\u00dfere Zahl von Eintr\u00e4gen in den div. Pirate-Blogs!<\/p>\n<p>Herinnering op STEFAN DIETL \u2013 zijn CD!<br \/>\nSo she it look \u2013 the STEFAN DIETL Memory-CD!<\/p>\n<p>Inneneinlage:<\/p>\n<p><a href='http:\/\/doctortim.de\/wp-content\/uploads\/2008\/01\/dietlcd3.jpg' title='dietlcd3.jpg'><img src='http:\/\/doctortim.de\/wp-content\/uploads\/2008\/01\/dietlcd3.jpg' alt='dietlcd3.jpg' \/><\/a><\/p>\n","protected":false},"excerpt":{"rendered":"<p>So sieht sie aus \u2013 die STEFAN DIETL Erinnerungs-CD. Auf ihr befinden sich neben dem Kondolenz Programmen von Dr.Tim auch die zahlreicher anderer Stationen (Borderhunter, Orion, Zodiac\u2026. Ebenso zahlreiche Bilder von Stefans Visite auf fast allen DX-Camps, die vielen E-Mails zu seinem Tod und auch die noch weitaus gr\u00f6\u00dfere Zahl von Eintr\u00e4gen in den div. [&hellip;]<\/p>\n","protected":false},"author":1,"featured_media":0,"parent":0,"menu_order":0,"comment_status":"open","ping_status":"open","template":"","meta":[],"_links":{"self":[{"href":"https:\/\/www.doctortim.de\/index.php?rest_route=\/wp\/v2\/pages\/231"}],"collection":[{"href":"https:\/\/www.doctortim.de\/index.php?rest_route=\/wp\/v2\/pages"}],"about":[{"href":"https:\/\/www.doctortim.de\/index.php?rest_route=\/wp\/v2\/types\/page"}],"author":[{"embeddable":true,"href":"https:\/\/www.doctortim.de\/index.php?rest_route=\/wp\/v2\/users\/1"}],"replies":[{"embeddable":true,"href":"https:\/\/www.doctortim.de\/index.php?rest_route=%2Fwp%2Fv2%2Fcomments&post=231"}],"version-history":[{"count":0,"href":"https:\/\/www.doctortim.de\/index.php?rest_route=\/wp\/v2\/pages\/231\/revisions"}],"wp:attachment":[{"href":"https:\/\/www.doctortim.de\/index.php?rest_route=%2Fwp%2Fv2%2Fmedia&parent=231"}],"curies":[{"name":"wp","href":"https:\/\/api.w.org\/{rel}","templated":true}]}}