{"id":2137,"date":"2010-08-08T08:24:11","date_gmt":"2010-08-08T07:24:11","guid":{"rendered":"http:\/\/doctortim.de\/?page_id=2137"},"modified":"2010-09-29T16:28:08","modified_gmt":"2010-09-29T15:28:09","slug":"summermeeting-2010","status":"publish","type":"page","link":"https:\/\/www.doctortim.de\/?page_id=2137","title":{"rendered":"Summermeeting 2010"},"content":{"rendered":"<p>Summermeeting CD-2010 out now:<\/p>\n<p><a href=\"http:\/\/doctortim.de\/wp-content\/uploads\/2010\/08\/Summermeeting-2010-CD.jpg\"><img decoding=\"async\" loading=\"lazy\" src=\"http:\/\/doctortim.de\/wp-content\/uploads\/2010\/08\/Summermeeting-2010-CD-300x211.jpg\" alt=\"\" title=\"Summermeeting 2010-CD\" width=\"300\" height=\"211\" class=\"alignnone size-medium wp-image-2219\" srcset=\"https:\/\/www.doctortim.de\/wp-content\/uploads\/2010\/08\/Summermeeting-2010-CD-300x211.jpg 300w, https:\/\/www.doctortim.de\/wp-content\/uploads\/2010\/08\/Summermeeting-2010-CD-1024x722.jpg 1024w, https:\/\/www.doctortim.de\/wp-content\/uploads\/2010\/08\/Summermeeting-2010-CD.jpg 2017w\" sizes=\"(max-width: 300px) 100vw, 300px\" \/><\/a><\/p>\n<p>Summermeeting 2010<\/p>\n<p><a href=\"http:\/\/doctortim.de\/wp-content\/uploads\/2010\/08\/1.png\"><img decoding=\"async\" loading=\"lazy\" src=\"http:\/\/doctortim.de\/wp-content\/uploads\/2010\/08\/1.png\" alt=\"\" title=\"1\" width=\"400\" height=\"302\" class=\"alignnone size-full wp-image-2138\" srcset=\"https:\/\/www.doctortim.de\/wp-content\/uploads\/2010\/08\/1.png 400w, https:\/\/www.doctortim.de\/wp-content\/uploads\/2010\/08\/1-300x226.png 300w\" sizes=\"(max-width: 400px) 100vw, 400px\" \/><\/a><\/p>\n<p>Weiteveen &#8211; Drentheland<\/p>\n<p><a href=\"http:\/\/doctortim.de\/wp-content\/uploads\/2010\/08\/1.jpg\"><img decoding=\"async\" loading=\"lazy\" src=\"http:\/\/doctortim.de\/wp-content\/uploads\/2010\/08\/1-246x300.jpg\" alt=\"\" title=\"1\" width=\"246\" height=\"300\" class=\"alignnone size-medium wp-image-2140\" srcset=\"https:\/\/www.doctortim.de\/wp-content\/uploads\/2010\/08\/1-246x300.jpg 246w, https:\/\/www.doctortim.de\/wp-content\/uploads\/2010\/08\/1.jpg 661w\" sizes=\"(max-width: 246px) 100vw, 246px\" \/><\/a><\/p>\n<p>Campreport von Radio Dr.Tim<\/p>\n<p>Auch in diesem Jahr wagte ich wieder einmal nicht alleine auf die lange Reise \u2013 mit im Reisegep\u00e4ck waren wie schon so oft Little Star und ihr \u201eLebensabschnittspartner\u201c, sprich Freund Toby. Und da der kleine Stern gern das Steuer \u00fcbernimmt, klemmte sie sich auch gleich am Ausgangspunkt unserer Reise hinters Ruder \u2013 und lie\u00df es nicht mehr los bis wir im Meeting Center eingetroffen waren. Au\u00dferdem ist die Jugend heutzutage ja auch wagemutiger und das bedeutete f\u00fcr  uns k\u00fcrzeste Zeit auf langer Strecke!  375 KM \u2013 knappe 4 Sunden, so hatte man sich das ausgemalt! Aber beim ausmalen blieb es dann auch!<\/p>\n<p>Gegen 16.00 machten wir und also auf den unserer  Meinung nach kurzen Trip. Am Anfang lief auch alles einigerma\u00dfen \u201enormal\u201c, das hei\u00dft, wir kamen gut voran. Bis es dann urpl\u00f6tzlich ir-gendwo im Ruhrpott hie\u00df: \u201eAchtung Staugefahr, Schritttempo, Stop und go auf ca. 12 KM.<br \/>\nBitte folgen sie der ausgeschilderten Umleitung\u201c! Doch von einer ausgeschilderten Umleitung war weit und breit nichts zu sehen. Das einzige was wir sahen, waren weitere Staugesch\u00e4digte die es sich auf dem Standstreifen bequem machten \u2013 fehlte eigentlich nur noch der Grill! Aber mit modernster Navi-Technik ausger\u00fcstet kann uns ja nicht viel passieren \u2013 demn\u00e4chst wird es wohl schon hei\u00dfen \u201eBitte rechts einordnen und der U&#8230;.. folgen\u201c \u2013 malten wir uns wieder einmal aus. Aber es blieb auch dieses mal wieder beim malen \u2013 die Hoffnung stirbt zuletzt!<\/p>\n<p>Also weiter im Schneckentempo und meist noch langsamer! Die Sekunden, Minuten und Stun-den flogen nur so an uns vorbei w\u00e4hrend wir so gut wie keinen Zentimeter vorw\u00e4rts kamen! Fakt war \u2013 das stellte sich dann nach stundelangem \u201egeduldigem\u201c ausharren in der ca. 12 KM langen \u201eWarteschleife\u201c heraus, dass wir gerade die \u201eausgeschilderte Umleitungstrecke passiert hatten, als die Staumeldung kam und auf den dann folgenden ca. 15 KM noch nicht einmal ein Feldweg abging. Da hilft nur noch eines \u2013 sich immer und immer wieder sagen: es ist so wie es ist &#8211; und nicht anders, es geht alles vor\u00fcber, es geht alles vorbei!<\/p>\n<p>Aber auch jeder Stau hat einmal sein Ende &#8211; und um so besser ging es dann frischen Mutes wie-der weiter Richtung Weiteveen! Und man wird es kaum glauben \u2013 noch am Freitag kamen wir auf dem Meeting Gel\u00e4nde an! Zwar war es mit 23.00 MESZ zwischenzeitlich schon recht sp\u00e4t geworden \u2013 doch es war noch Freitag! Kaum die Hand vor den Augen sehend torkelten wir durch die Dunkelheit und fielen Gott sei Dank gleich darauf einer jungen Frau in die Arme die uns mit den Worten begr\u00fc\u00dfte \u201eU bent Dr.Tim\u201c? Mit der ortskundigen Dame (wie sich sp\u00e4ter herausstellte war es die bessere H\u00e4lfte von \u201eMeeting Master\u201c Lowland\/Jos gewesen) kamen wir auch auf k\u00fcrzestem Weg auf dem Meetinggel\u00e4nde, bzw. im Zelt an.<\/p>\n<p>Und das muss man den Holl\u00e4ndern, und an diesem Tag speziell Jos und seinem Team einfach lassen: das erste was wir nach einem allgemeinen riesigen Willkommensapplaus und \u201eHalloo\u201c gefragt wurden: \u201eWie sieht es aus mit Essen, habt ihr noch Hunger, braucht oder wollt ihr noch etwas ???\u201c Nat\u00fcrlich schl\u00e4gt man ein so nettes Angebot nicht aus \u2013 und der Magersucht waren wir ja ohnehin schon sehr nahe! 3 Mann waren wir \u2013 das bedeutete also 6 gut belegte Sandwichses. Auch zu diesem sp\u00e4ten Zeitpunkt war die Auswahl noch gut best\u00fcckt: Man konnte zwischen Wurst, K\u00e4se oder Speck w\u00e4hlen! Da hie\u00df es reinhauen \u2013 man wollte ja nicht noch vom Fleisch fallen und f\u00fcr das Wochenende ger\u00fcstet sein. So gest\u00e4rkt sa\u00df man noch lange gem\u00fctlich beisam-men und fachsimpelte bis gegen 02.00 MEZ \u2013 dann fielen uns schon fast die Augen zu, Zeit f\u00fcr die Schlafkammer!<\/p>\n<p>Und die \u201eSchlafkammer hatte es echt in sich \u2013 ein riesiges Zelt mit in Reih und Glied aufgestellten Feldbetten (fast wie in einem Lazarett). Wie mir Hans (er hatte sein riesiges Gel\u00e4nde f\u00fcr das Meeting zur Verf\u00fcgung gestellt) am n\u00e4chsten Tag erz\u00e4hlte, hatte er vor Jahren besagtes Hallen\u00e4hnliche Zelt f\u00fcr seinen Nachwuchs gebaut, die in ihm allj\u00e4hrlich die Karnevalswagen f\u00fcr die Umz\u00fcge bastelten und unterstellten)! Respekt kann man da nur sagen! Und jetzt hausten im<br \/>\n\u201eKarnevalszelt verr\u00fcckte Piraten\u201c! Leider hatten wir nicht ber\u00fccksichtigt da\u00df es f\u00fcr das Meeting-Weekend die k\u00e4ltesten Nachtemperaturen seit Wochen gemeldet hatte. So wurde die erste Nacht in Weiteveen eine nicht gerade \u201ehei\u00dfe Nacht\u201c! Das \u00e4nderte sich aber dann am darauffolgenden Tag, am Samstag. Darauf angesprochen, da\u00df man letzte Nacht doch ziemlich gebibbert und mit den Z\u00e4hnen geklappert habe, versorgte uns Hans umgehend mit 5 (!) zus\u00e4tzlichen Decken die dicker nicht h\u00e4tten sein k\u00f6nnen!<\/p>\n<p>Als wir dann am fr\u00fchen Samstagsmorgen (09.00 MESZ frisch gewaschen, ges\u00e4ubert, gereinigt und gepudert im Festzelt eintrafen, sa\u00df die Meute schon zusammen und schaufelte das Fr\u00fchst\u00fcck in sich hinein, unter dessen Gewicht sich fast die Tafel bog auf dem das Buffe angerichtet war. Alle Arten von Wurst, Speck, K\u00e4se, Quark, Honig, Marmelade, Kaffee, Tee, Milch, Buttermilch, O-Saft, Multivitamins\u00e4fte u.s.w. wurde feilgeboten! Wer da nicht satt wurde, dem war wirklich nicht mehr zu helfen! Und das alles auch noch zu geradezu \u201el\u00e4cherlichen\u201c Preisen (Breakfast 4.00\u20ac, Essen am Freitagabend 8.00\u20ac, Samstag grillen, Abendessen und am Sonntag wieder Fr\u00fch-st\u00fcck und grillen frei&#8230;&#8230;.). In Sachen \u201cwaschen, s\u00e4ubern und reinigen\u201c noch eine kurze Anmer-kung: Auch hier hatte man nichts dem Zufall \u00fcberlassen \u2013 alles vom Feinsten und professionell! Saubere Toilettenwagen mit Waschgelegenheiten in Form von div. Waschbecken, Spiegeln, Handt\u00fccher u.s.w.! Und das jeden Tag frisch und sauber angeboten!<\/p>\n<p>So nach und nach trafen dann immer mehr Campg\u00e4ste ein, u.a. war auch Russland und Canada vertreten! Artem war direkt aus Moskau gekommen und f\u00fchlte sich von Anfang an pudelwohl in Drenthe. Er moderierte zu sp\u00e4teren Stunde dann auch stundenlang das Liveprogramm von Sum-mermeeting Radio 2010 auf der 6310 KHZ. Sicherlich ein ganz besonderes Highlight f\u00fcr den aus der Ferne angereisten \u201eVertreter des russischen Piratenfunks\u201c! Das wird er wahrscheinlich nie-mals vergessen. Ein weiterer Gast aus \u00dcbersee war der und allen bekannte und aus Kanada stam-mende Terry. Er war in Begleitung seiner netten besseren H\u00e4lfte per Jet in Holland eingetroffen.<\/p>\n<p>Bis Terry nach seiner Ankunft in Holland allerdings da war wo er hin wollte \u2013 n\u00e4mlich auf das Piratenfest in Weiteveen, vergingen Stunden! Mit Jos war ein fester Plan ausgemacht worden, wie man verfahren wollte. Daf\u00fcr hatte ihm Terry eine Mail mit seiner Ankunftszeit in Neu -Amsterdam geschickt. Also Jos rechtzeitig los um ihn abzuholen. Doch wer nicht da war, war Terry. Erst einmal eine zeitlang warten \u2013 vielleicht kommt er ja mit dem n\u00e4chsten Zug, dachte sich Jos. Doch wieder nichts! Am besten Terry mal anrufen war Jos n\u00e4chster Gedanke \u2013 doch daf\u00fcr h\u00e4tte er seine  Mobilnummer gebraucht! Nachdem er dann noch ein paar weitere gr\u00f6\u00dfere Bahnh\u00f6fe abgeklappert hatte und Terry auch dort nicht zu finden war, rief er mich an. Doch auch hier Fehlanzeige \u2013 Terrys Handynummer lag fein s\u00e4uberlich abgespeichert zuhause in DL in meinem PC und nicht in meinem \u201eNotfallbuch\u201c \u2013 das ich aber dabei hatte. Nach stundelangen warten, suchen und umherirren gab es Jos dann irgendwann einmal auf und kam ohne Terry &#038; Frau zum Meeting zur\u00fcck!<\/p>\n<p>Und der Zufall wollte es so \u2013 fast gleichzeitig traf auch Terry und Anhang auf dem Meetingel\u00e4nde ein! Mit einer Taxe hatte er letztendlich dem ganzen Verwirrspiel ein Ende gesetzt und sich nach Weiteveen chauffieren lassen. Und das Ganze war eigentlich ganz simpel: Bis kurz vor Weiteveen verlief alles planm\u00e4\u00dfig, dann gab es ein paar Minuten Versp\u00e4tung.  Bis sich Terry dann durchgefragt hatte, war der Anschlusszug weg! Mit dem anrufen auf Jos Handy klappte es dann zu allem \u00dcbel auch nicht, sein Kanada Handy war nicht kompatibel mit dem NL Netz, schaltete nicht automatisch um. Und mit 0031 oder nur 06&#8230;., oder 6&#8230;. kam er dann vollends durcheinander. Der einfachste und sicherste Weg doch irgendwann noch einmal vor Ende des Meetings in Weiteveen einzutreffen, war dann letztendlich das holl. Taxi!<\/p>\n<p>Bis Terry und auch Jos auf dem Summermeeting eingetroffen waren, hatten sich schon jede Menge Besucher dort eingefunden. Viele bekannte, aber auch ebenso viele unbekannte Ge-sichter sah man \u201eumherschleichen\u201c. Beim sich gegenseitig bekannt machen, stellte sich dann aber meistens heraus, dass man sich doch schon kannte \u2013 zumindest dem Namen nach! Alles was Rang und Namen hat in der Szene schien sich nach Weiteveen geschafft zu haben! Ein wahres Who is Who der europ\u00e4ischen Piratenszene! Erfreulich auch die Tatsache, dass zahlreiche nam-hafte MW Piraten und Urgesteine zum Summermeeting 2010 gekommen waren. Also langweilig war es bestimmt keinem \u2013 davon kann man ausgehen.<\/p>\n<p>W\u00e4hrend des gesamten Meetings war geplant und auch eingerichtet ein Livestream vom Gel\u00e4nde des Summermeetings. Doch da gab es Probleme! Wie sich irgendwann einmal herausstellte, war dieser kostenlose  Stream lediglich von 6 Usern gleichzeitig benutzbar! Jetzt war auch gekl\u00e4rt, warum es schon am Freitag laufend Beschwerden gegeben hatte, weil die einen auf dem Stream waren und andere in ein \u201eschwarzes Loch\u201c sahen! Der Stream war permanent \u00fcber und ausgelastet! Doch wir hatten ja einen PC Spezialisten an Bord \u2013 Toby befasste sich also ab Freitagabend mit dem Thema \u2013 und fand tats\u00e4chlich die fast optimale L\u00f6sung &#8211; jedenfalls die zu diesem Zeitpunkt und in der K\u00fcrze machbare, optimalste L\u00f6sung! Nach langen Recherchen im Netz wurde dann ein zweiter Stream eingerichtet. Toby installierte seine High-tec Kamera auf dem Dreibein und es konnte losgehen.<\/p>\n<p>Die Kamera wurde so programmiert dass sie alle paar Sekunden ein Bild schoss, dieses auf dem mit der Kamera verbundenen Laptop speicherte und es gleichzeitig auf den neu eingerichteten Stream sendete. Auf entsprechenden Seiten wurden die \u201eLeute drau\u00dfen\u201c \u00fcber den neuen Stream informiert und per einfachem Klick war man dann wieder \u201elive\u201c dabei! Dass jetzt \u201egrenzenlos viele User\u201c die Gelegenheit nutzen um wieder \u201efast live\u201c mit dabei zu sein, war klar! Zumal dem mengenm\u00e4\u00dfigen Zugriff jetzt keine Grenzen mehr gesetzt waren! Ein echtes Meisterst\u00fcck das Toby da ablieferte und er wurde noch am Sonntag von Radio Borderhunter f\u00fcr das Summermeeting 2011 \u201eunter Vertrag genommen\u201c.<\/p>\n<p>Das absolute Highlight am Sonntagabend war der Auftritt der Liveband Walter de Polkaman mit seinem Banjoman! Hier gab es Piraten und Polkafeeling pur \u2013 das mu\u00df jeder einmal selbst erlebt haben, da geht und ging die Post ab! Polka &#038;  Polonaise im schier endlosen Rhythmus! Da macht(e) jeder mit \u2013 egal ob alt oder jung! Da wurde getanzt, geschunkelt und gelacht, links herum, rechts herum, vor und hinter der Theke! Und das alles live auf Internet und Toby stream! Auch das nachfolgende Live Programm von Radio Summermeeting 2010 ging dann weiter di-rekt \u00fcber beide Streams. Alle von Toby geschossenen Fotos (\u00fcber 2000) wurden auf dem Laptop gespeichert und sind auch auf der demn\u00e4chst erscheinenden DVD zu finden!<\/p>\n<p>Der Samstagabend ging dann weiter bis in den fr\u00fchen Sonntagmorgen hinein und eigentlich waren auch diese Tage wieder viel zu kurz um sich \u201emit jedem\u201c ausf\u00fchrlicher zu unterhalten.<br \/>\nSo kommt dann oft erst im nachhinein die \u201etraurige Erkenntnis\u201c dass man mit \u201edem, dem und auch noch mit dem\u201c ausf\u00fchrlicher h\u00e4tte sprechen \u201em\u00fcssen\u201c!<\/p>\n<p>Die jetzt folgende kurze und mit 4 Decken \u201eabgesicherte\u201c Nacht verflog eigentlich so schnell wie auch die Tage zuvor. Der letzte Meetingtag war schon wieder angebrochen, und man sa\u00df<br \/>\nbeim gemeinschaftlichen Fr\u00fchst\u00fcck zusammen \u2013 und fachsimpelte weiter wie gehabt \u2013 was ja letztendlich auch der Sinn eines solchen Meetings sein soll und ist. Es tauchten noch einige MW Amateure auf die man vom Namen her schon kannte und auch da gab es mehr als interessante Gespr\u00e4che \u2013 mal etwas ganz anderes als \u201eimmer nur KW\u201c \u2013 hi. Das sp\u00e4ter noch einmal angebotene letzte Mittagessen machte dieses fantastisch ausgerichtete Summermeeting 2010 zu einem insgesamt echten Knaller und Highlight! Es wurde einfach an alles gedacht \u2013 so gar an eine riesige aufblasbare H\u00fcpfburg auf der sich Alt und Jung vergn\u00fcgen und mal so richtig austoben konnten. So etwas ist einfach nicht mehr oder nur noch schwer zu toppen! Doch Frans wird da 2011 keine Probleme mit haben denke ich, er war ja auch dieses mal live dabei Und hat sich evtl. so manches \u201eabgekuckt\u201c!<\/p>\n<p>An einem der Meetingtage war ich dann auch noch auf Visite im Lowlandstudio in Klazinaveen, sozusagen einen Ortsteil von Emmen. Ebenso wurde auch noch ein Abstecher zu dem MW-Amateur Noordijk Radio gemacht und dessen Studio besucht. Und das eine lasst euch gesagt sein liebe Leute: Wer einmal 100-te von MW, KW und FM Piraten \u201eauf einem Haufen\u201c sehen will der, mu\u00df Klazinaveen besuchen. Hier steht fast sprichw\u00f6rtlich hinter jedem zweiten Haus ein Mast! Wenn man bei sch\u00f6nem Wetter durch die engen, gepflasterten G\u00e4sschen f\u00e4hrt und die T\u00fcren und Fenster offen stehen, h\u00f6rt man die Polkakl\u00e4nge der gerade aktiven Stationen von \u00fcberall her! In den umliegend D\u00f6rfern ist es nicht viel anders. Klickt einmal im Netz auf Emmen und ihr seht einzig bekannte Namen die jedem Piratenfreund gel\u00e4ufig sind!<\/p>\n<p>Ein ganz besonderes Erlebnis hatte Bermuda Dreick OP Mr.Dipol mit einem holl\u00e4ndischen FM Piraten! Irgendwo im FM Band h\u00f6rte er einen UKW Piraten der lt. \u201eInsiderinfos\u201c ganz in der N\u00e4he seinem Handwerk nachging. Nachdem er sich kundig gemacht hatte, wo denn die<br \/>\ngenaue Lokatie des Amateurs zu finden sei, packte er sein \u201eZweiradvehikel\u201c aus dem Kofferraum aus und machte sich auf den Weg. Doch wissen wo ein Pirat zu Hause ist die eine Sache<br \/>\nund ihn dann auch noch finden, ist die andere Sache! Also dachte sich Dipol, ich frag mich einfach mal durch \u2013 man spricht ja schlie\u00dflich deutsch! Voller Zuversicht ging es also ran an die erstbeste Haust\u00fcrschelle und die obligatorische sinngem\u00e4\u00dfe Frage war ..ich suche die Station &#8230; bin ich hier richtig oder k\u00f6nnt ihr mir helfen&#8230;. Daraufhin die Frau die ihm die Haust\u00fcr ge\u00f6ffnet hatte \u201e. . hallo, kommen sie doch rein, die Suppe steht auf dem Tisch und wir wollen gerade essen. Setzten sie sich doch zu uns, nach dem essen wird der Sender angeworfen&#8230;\u201c!<\/p>\n<p>Was blieb dem deutschen Piraten also anderes \u00fcbrig als sich an den Tisch zu setzen und mit der holl. UKW Piratenfamilie zu speisen? Kurz nachdem dann jeder satt war, ging es an die Sendeanlage und auf FM wurden mit DJ Diplol Ansagen holl. Platten aufgelegt! Der Clou an der ganzen Sache kommt aber erst jetzt: Der Pirat, bei dem R.Bermuda Dreieck gelandet war, war gar nicht der, den er eigentlich gesucht hatte, bzw. besuchen wollte! Es ist kaum zu glauben \u2013 aber das war ein tats\u00e4chliches Erlebnis auf dem Piratenmeeting 2010!<\/p>\n<p>Und noch ein Erlebnis das Gott sei dank gut ausging \u2013 wenn es denn ein so aufregendes war f\u00fcr das es gehalten wurde: Am Samstag wurde registriert, dass sich ein verd\u00e4chtiger Wagen in ebenso verd\u00e4chtiger Weise im Bereich des Meetinggel\u00e4ndes aufhielt und die Insassen sich zu schaffen machten, bzw. versuchten das Gel\u00e4nde zu observieren. Dies ging eine geraume Zeit so, bis der ganze Spuk auf einmal verschwunden war! Trau schau wem&#8230;&#8230;&#8230;&#8230;<\/p>\n<p>Nachdem wir am Sonntagnachmittag an der Futtergrippe dann noch einmal so richtig zugeschlagen hatten, verabschiedete man sich voneinander und als eine der letzten Besucher verlie\u00dfen wir das Campgel\u00e4nde und machten uns aus den 375 KM langen R\u00fcckweg \u2013 der Gott sei Dank unproblematischer verlief als die Anfahrt! Ziemlich genau um 20.00 MESZ trafen wir dann wieder, unbeschadet und gl\u00fccklich, aber fix und fertig, in heimischen Gefilden ein!<br \/>\nBleibt eigentlich nur noch zu sagen, dass dies wieder einmal ein ganz fantastisches Meeting war, das nicht besser h\u00e4tte organisiert werden k\u00f6nnen! Daher hier zum letzten mal ein gro\u00dfes Dankesch\u00f6n an Jos und das gesamte SWCH Team!<\/p>\n<p>Wie immer will ich hier zum Schluss einmal versuchen, wenigstens einen gro\u00dfen Teil derjenigen aufzulisten, die das Meeting 2010 mit ihrer Anwesenheit bereicherten. Was aber ebenfalls wie immer, ein unvollst\u00e4ndiges Unterfangen sein wird da sich einfach zu viele entweder in verschiedene Besucher- oder G\u00e4stelisten \u2013 oder aber auch gar nicht eintrugen. Hier die Liste:<\/p>\n<p>LADY MARCONI<br \/>\nLADY ALICE<br \/>\nMRS.LOWLAND<br \/>\nYERFFEJ REMMOS<br \/>\nNAMREH SLEBBUW<br \/>\nIMED SOB<br \/>\nEIRRAAH REMMOS<br \/>\nRADIO SATURNUS<br \/>\nRADIO MUSICMAKER<br \/>\nRADIO ARABIER<br \/>\nRADIO ALTREX<br \/>\nRADIO SANTOS<br \/>\nRADIO MARCONI<br \/>\nRADIO COBRA<br \/>\nRADIO MERLIN<br \/>\nRADIO GRENSWINKEL<br \/>\nRADIO WALDMEISTER<br \/>\nMRF RADIO<br \/>\nWOLG  ???<br \/>\nRADIO MOONLIGHT<br \/>\nPAUL WALL<br \/>\nORION RADIO<br \/>\nRADIO LOWLAND<br \/>\nRADIO TINA<br \/>\nINTERSOUND RADIO<br \/>\nDANNY KEMENTJES ?<br \/>\nBLAUWE ENGEL<br \/>\nRAIO PIONIER<br \/>\nDUTCHWING RADIO<br \/>\nHENK SKYLINE INT. RADIO<br \/>\nPOLKA HANS<br \/>\nRADIO KTL<br \/>\nV.O.T.N.<br \/>\nDR.EINSTEIN<br \/>\nSALLANDSE BOER<br \/>\nCUPID RADIO<br \/>\nRADIO BLACK ARROW<br \/>\nRADIO SKYLINE<br \/>\nRADIO RAPIDO<br \/>\nRADIO COBRA<br \/>\nRADIO BERMUDA DREIECK<br \/>\nA.SOMMER<br \/>\nRAIO SPEEDY<br \/>\nRADIO ROB 007<br \/>\nRADIO DR.TIM<br \/>\nRADIO LIKEDEELER<br \/>\nRADIO DIAMANT<br \/>\nRADIO BATAVIER\/BARTJE\/RADIO NORTHCOAST<br \/>\nRADIO FRIELOO<br \/>\nRADIO ZEEWOLF<br \/>\nRADIO RELMUS<br \/>\nRADIO REDDYMIX<br \/>\nRADIO BORDERHUNTER<br \/>\nRADIO LITTLE STAR<br \/>\nRADIO DE ONBEKANDE<br \/>\nROLF VAN ZUIDER<br \/>\nRADIO VLOEDGOLF<br \/>\nRADIO FOXFIRE<br \/>\nRADIO DE KLEINE ZEEMAN<br \/>\nSTUDIO JA KNIKKER<br \/>\nRADIO SATURNUS<br \/>\nCALIPSSO RADIO<br \/>\nFRITS BRAAKMAN \u2013 EKETRO DUMP<br \/>\nZENDER ASCONA<br \/>\nARTEM FROM MOSCOW (EX R.WITHOUT BORDERS INT. &#038; ROMANTIC SPACE R.)<br \/>\nTERRY FROM CANADA WITH HIS WOMAN<br \/>\nRADIO MUSTANG<br \/>\nRADIO MARCOW<br \/>\nRADIO UNDERGROUND<br \/>\nTOBY\/DJ B.L.A.T.<br \/>\nMIKKO FROM SWR IN FINLAND<br \/>\nTEEMU FROM SWR IN FINLAND<br \/>\nRADIO MORDOR FROM FINLAND<\/p>\n<p>Dazu kommen noch eine ganze Menge Namen die beim besten Willen nicht zu entziffern waren \u2013 die fehlen hier nat\u00fcrlich auch in der Auflistung.<\/p>\n<p>Und zu guter Letzt auch hier noch einmal zwei Hinweise betreffs bleibender Erinnerungen an dieses Meeting: In K\u00fcrze wird es eine DVD geben \u201eSummermeeting 2010\u201c die alles an Foto und Videomaterial enth\u00e4lt (einschlie\u00dflich dieser Reportage) was bis zur Herstellung besagter CD vorlag. Sollte noch jemand noch nicht bekannte Fotos oder Videoclips haben, meldet euch doch bitte bei mir. Wer Interesse an einer DVD hat, der m\u00f6chte sich doch ebenfalls bitte melden. Auf der Dr.Tim Seite werden in der Galerie und bei den Videos (download) in den kommenden Tagen ebenfalls alle Weiteveen Impressionen zusammengefasst. Ein Teil davon ist ja<br \/>\nmomentan schon installiert.<\/p>\n<p>Dann w\u00fcnsche ich allen eine Gute Zeit bis zum n\u00e4chsten Summermeeting und hoffe dass wir uns in 2011 alle unbeschadet, gesund, frisch, fromm fr\u00f6hlich und frei bei Radio Borderhunter wiedersehen -und auch h\u00f6ren.<\/p>\n<p>Viele Gr\u00fc\u00dfe von Dr.Tim&#8230;&#8230;&#8230;&#8230;&#8230;..<\/p>\n","protected":false},"excerpt":{"rendered":"<p>Summermeeting CD-2010 out now: Summermeeting 2010 Weiteveen &#8211; Drentheland Campreport von Radio Dr.Tim Auch in diesem Jahr wagte ich wieder einmal nicht alleine auf die lange Reise \u2013 mit im Reisegep\u00e4ck waren wie schon so oft Little Star und ihr \u201eLebensabschnittspartner\u201c, sprich Freund Toby. Und da der kleine Stern gern das Steuer \u00fcbernimmt, klemmte sie [&hellip;]<\/p>\n","protected":false},"author":1,"featured_media":0,"parent":0,"menu_order":0,"comment_status":"open","ping_status":"open","template":"","meta":[],"_links":{"self":[{"href":"https:\/\/www.doctortim.de\/index.php?rest_route=\/wp\/v2\/pages\/2137"}],"collection":[{"href":"https:\/\/www.doctortim.de\/index.php?rest_route=\/wp\/v2\/pages"}],"about":[{"href":"https:\/\/www.doctortim.de\/index.php?rest_route=\/wp\/v2\/types\/page"}],"author":[{"embeddable":true,"href":"https:\/\/www.doctortim.de\/index.php?rest_route=\/wp\/v2\/users\/1"}],"replies":[{"embeddable":true,"href":"https:\/\/www.doctortim.de\/index.php?rest_route=%2Fwp%2Fv2%2Fcomments&post=2137"}],"version-history":[{"count":0,"href":"https:\/\/www.doctortim.de\/index.php?rest_route=\/wp\/v2\/pages\/2137\/revisions"}],"wp:attachment":[{"href":"https:\/\/www.doctortim.de\/index.php?rest_route=%2Fwp%2Fv2%2Fmedia&parent=2137"}],"curies":[{"name":"wp","href":"https:\/\/api.w.org\/{rel}","templated":true}]}}