{"id":11185,"date":"2017-05-25T14:03:04","date_gmt":"2017-05-25T12:03:04","guid":{"rendered":"http:\/\/www.doctortim.de\/?page_id=11185"},"modified":"2017-05-25T14:03:04","modified_gmt":"2017-05-25T12:03:04","slug":"summermeeting-2017","status":"publish","type":"page","link":"https:\/\/www.doctortim.de\/?page_id=11185","title":{"rendered":"Summermeeting 2017"},"content":{"rendered":"<div>Hallo liebe Free Radio Freunde und Pirate lovers! Es ist wieder einmal so weit \u2013 das PIRATE MEETING 2017 ruft! Alles was Rang und Namen hat in der Szene trifft sich auch dieses Jahr wieder zum gr\u00f6\u00dften europ\u00e4ischen \u201ePiraten Spektakel irgendwo zwischen Holland und Belgien\u201c. Und mit \u201eAlles\u201c meinen wir nat\u00fcrlich H\u00f6rer und Stationen! F\u00fcr dieses Jahr haben wir geplant, dieses weltweit bekannte Treffen vom 01.-02.Juli stattfinden zu lassen! Und nur diejenigen, die dieses gro\u00dfartige, phantastische Treffen schon kennen, wissen was sie vers\u00e4umen wenn sie nicht dabei sind! Und diejenigen die noch nie dabei waren, wissen gar nicht was ihnen alles entgeht!<\/div>\n<div> Die meisten kennen es ja von den vergangenen Meetings \u2013 die Frage des \u00dcbernachtens oder Kampierens stellt sich uns nicht! Der M\u00f6glichkeiten gibt es unz\u00e4hlige \u2013 man kann mit dem Wohnwagen (Schleppkarre auf holl\u00e4ndisch) genauso kommen wie mit dem Wohnmobil! Man kann im Hotel \u00fcbernachten (B &amp; B), man kann im eigenen Zelt die sowieso nur kurzen N\u00e4chte verbringen oder man kann in einem Gro\u00dfraumzelt oder in festen Unterk\u00fcnften ein paar Augen voll Schlaf nehmen! Betten sind ausreichend vorhanden! (Dann aber bitte Schlafsack mitbringen). Auch in diesem Jahr beginnt das Treffen offiziell am Samstag, aber jedes Jahr reisen zahlreiche Campbesucher schon am Freitag an was die Meetingorganisation aber auch nicht in Verlegenheit bringt \u2013 jeder ist immer und zu jeder Zeit herzlich willkommen!<\/div>\n<div> Und auch betreffs der Versorgung hat sich nichts ge\u00e4ndert \u2013 Picknickk\u00f6rbe bitte zu Hause bei Muttern lassen! Es ist f\u00fcr alles bestens gesorgt, f\u00fcr jeden ist etwas dabei \u2013 die Auswahl ist wie jedes Jahr so schwindelerregend gro\u00df dass man betreffs Gewichtszunahme Achsbr\u00fcche bef\u00fcrchten mu\u00df! Und das alles auch noch zu Preisen wie zu Gro\u00dfmutters Zeiten! Um nicht ganz und gar ruiniert zu werden, hat sich die Organisation entschlossen, wie jedes Jahr einen kleinen Obolus von 2,00\u20ac pro Mann und Maus zu erheben.<\/div>\n<div> Radio Borderhunter wird auch in diesem Jahr wieder ein Treffen f\u00fcr Hobby Freunde des Freien Radios und der Piraterie organisieren, das nicht nur einzigartig sondern auch un\u00fcbertroffen sein und bleiben wird \u2013 soviel kann man den Teilnehmern schon jetzt versprechen! Und um wirklich alles auf das optimalste planen und organisieren zu k\u00f6nnen, bitten wir diejenigen die zum Summermeeting 2015 kommen wollen, sich vorher schon einmal in die Teilnehmerliste einzutragen, bzw. sich anzumelden. Schlie\u00dflich soll es ja bei Speisen Getr\u00e4nken keine Engp\u00e4sse geben! Nat\u00fcrlich sind auch nicht angemeldete Besucher jederzeit herzlich willkommen \u2013 f\u00fcr \u201eein bisschen Reserve\u201c wird auf jeden Fall gesorgt werden!<\/p>\n<p> Weitere Anfragen &amp; Infos direkt \u00fcber die neue Address <a href=\"mailto:summermeeting2015@hotmail.com\">summermeetingtime@hotmail.com<\/a>. Die Reservierungen laufen nat\u00fcrlich ebenfalls \u00fcber diese Adresse. Und wie jedes Jahr gilt auch noch die normale Adresse <em>P.O.BOX 2702, NL-6049 ZG Herten<\/em>!<\/p>\n<p> Auch das hat sich nicht ge\u00e4ndert \u2013 die genaue Anfahrroute gibt es wie jedes Jahr rechtzeitig vor dem Treffen \u2013 die meisten kennen sie ja sowieso. Wie schon so oft in den letzten Jahren gilt auch 2017 wieder das Motto: kommen \u2013 sehen \u2013 staunen \u2013 begeistert und \u201eeinfach zu Hause sein\u201c!<\/p><\/div>\n<div> Allen Free Radio und Piratenfreunden rufen wir noch einmal zu \u2013 seit alle willkommen auf dem Borderhunter am 01. bis 02. Juli 2017!!!<\/div>\n<div>\u00a0<\/div>\n<div>&#8212;&#8212;&#8212;&#8212;&#8212;&#8212;&#8212;&#8212;&#8212;&#8212;&#8212;&#8212;&#8212;&#8212;&#8212;&#8212;&#8212;&#8212;&#8212;&#8212;&#8212;&#8212;&#8212;&#8212;&#8212;&#8212;&#8212;&#8212;&#8212;&#8212;&#8212;&#8212;&#8212;&#8212;&#8212;&#8212;&#8212;&#8212;&#8212;&#8211;<\/div>\n<div>\u00a0<\/div>\n<div>\n<div>Hi Free Radio and pirate fans! It&#8217;s already time for another one! From the 30th June to the 2th of July 2017, everyone of distinction in the scene meets once again \u2013 both listeners and stations! On this particular weekend, it\u2019s provisionally planned that the next Borderhunter summer meeting (well-known and well-loved across Europe) will take place in the first week-end of July. Only those who already know about this fantastic meeting, know what the home stayers miss.<\/div>\n<div> As in every year, the question of where to stay overnight is no problem! You can stay in a car, tent, caravan, hotel, B&amp;B or at the accommodation at the camp site (complete with beds, but bring a sleeping bag) \u2013 everything can be brought along, as everything is best provided for. The meeting begins officially on Saturday, as usual. In addition, every year many hobbyists travel on Friday, which the boss of the organisation also has no problem with. Everyone is always most cordially welcome at any time!<\/div>\n<div> You can safely leave your picnic basket at home with your mother \u2013 the selection of meals and drinks is so vast, that you will be a little bit heavier when you return home on Sunday! And all this and more at affordable prices. However in order not to drive the meeting organisation into financial ruin, there is a small contribution of 2 Euros per person which is obligatory.<br \/> Radio Borderhunter will organise a meeting for friends of the free radio and pirate hobby, that is not only unique, but will also remain unsurpassed \u2013 that we promise all hobbyists! In order that we can better plan, we request that you let us know when you are coming, in advance if possible. As we want to make sure that we have enough food beforehand, for example.<\/p>\n<p> Reservations, applications and questions should be directed to the following e-mail address: <a href=\"mailto:summermeeting2015@hotmail.com\">summermeetingtime@hotmail.com<\/a> or to<br \/> <em>PO BOX 2702, 6049 ZG HERTEN, THE NETHERLANDS<\/em>.<\/p>\n<p> The exact route to the meeting will be given in advance. Most of you will know it from previous years. Our motto for this meeting, as always is: come, see, be amazed, be at home.<br \/> All free radio friends are cordially welcome at the BORDERHUNTER SUMMER MEETING on the 30th June until the 2th of July 2017!!!<\/div>\n<\/div>\n","protected":false},"excerpt":{"rendered":"<p>Hallo liebe Free Radio Freunde und Pirate lovers! Es ist wieder einmal so weit \u2013 das PIRATE MEETING 2017 ruft! Alles was Rang und Namen hat in der Szene trifft sich auch dieses Jahr wieder zum gr\u00f6\u00dften europ\u00e4ischen \u201ePiraten Spektakel irgendwo zwischen Holland und Belgien\u201c. Und mit \u201eAlles\u201c meinen wir nat\u00fcrlich H\u00f6rer und Stationen! F\u00fcr [&hellip;]<\/p>\n","protected":false},"author":1,"featured_media":0,"parent":0,"menu_order":0,"comment_status":"open","ping_status":"open","template":"","meta":[],"_links":{"self":[{"href":"https:\/\/www.doctortim.de\/index.php?rest_route=\/wp\/v2\/pages\/11185"}],"collection":[{"href":"https:\/\/www.doctortim.de\/index.php?rest_route=\/wp\/v2\/pages"}],"about":[{"href":"https:\/\/www.doctortim.de\/index.php?rest_route=\/wp\/v2\/types\/page"}],"author":[{"embeddable":true,"href":"https:\/\/www.doctortim.de\/index.php?rest_route=\/wp\/v2\/users\/1"}],"replies":[{"embeddable":true,"href":"https:\/\/www.doctortim.de\/index.php?rest_route=%2Fwp%2Fv2%2Fcomments&post=11185"}],"version-history":[{"count":2,"href":"https:\/\/www.doctortim.de\/index.php?rest_route=\/wp\/v2\/pages\/11185\/revisions"}],"predecessor-version":[{"id":11187,"href":"https:\/\/www.doctortim.de\/index.php?rest_route=\/wp\/v2\/pages\/11185\/revisions\/11187"}],"wp:attachment":[{"href":"https:\/\/www.doctortim.de\/index.php?rest_route=%2Fwp%2Fv2%2Fmedia&parent=11185"}],"curies":[{"name":"wp","href":"https:\/\/api.w.org\/{rel}","templated":true}]}}